{"id":2108,"date":"2022-07-01T18:42:57","date_gmt":"2022-07-01T16:42:57","guid":{"rendered":"https:\/\/ceciliasolari.com\/blog\/?page_id=2108"},"modified":"2023-07-04T20:18:24","modified_gmt":"2023-07-04T18:18:24","slug":"poesias","status":"publish","type":"page","link":"https:\/\/ceciliasolari.com\/blog\/poesias\/","title":{"rendered":"poes\u00edas"},"content":{"rendered":"","protected":false},"excerpt":{"rendered":"<p>Manifestaci\u00f3n de la belleza o del sentimiento est\u00e9tico por medio de la palabra , en verso o en prosa<a class=\"moretag\" href=\"https:\/\/ceciliasolari.com\/blog\/poesias\/\" title=\"Read more\" target=\"_self\"> &rarr;<\/a><\/p>\n","protected":false},"author":1,"featured_media":0,"parent":0,"menu_order":0,"comment_status":"closed","ping_status":"closed","template":"page-templates\/template-poesia.php","meta":{"jetpack_post_was_ever_published":false,"_vp_format_video_url":"","_vp_image_focal_point":[],"footnotes":""},"class_list":["post-2108","page","type-page","status-publish","hentry"],"aioseo_notices":[],"jetpack_shortlink":"https:\/\/wp.me\/P8L70v-y0","jetpack_sharing_enabled":true,"_links":{"self":[{"href":"https:\/\/ceciliasolari.com\/blog\/wp-json\/wp\/v2\/pages\/2108","targetHints":{"allow":["GET"]}}],"collection":[{"href":"https:\/\/ceciliasolari.com\/blog\/wp-json\/wp\/v2\/pages"}],"about":[{"href":"https:\/\/ceciliasolari.com\/blog\/wp-json\/wp\/v2\/types\/page"}],"author":[{"embeddable":true,"href":"https:\/\/ceciliasolari.com\/blog\/wp-json\/wp\/v2\/users\/1"}],"replies":[{"embeddable":true,"href":"https:\/\/ceciliasolari.com\/blog\/wp-json\/wp\/v2\/comments?post=2108"}],"version-history":[{"count":3,"href":"https:\/\/ceciliasolari.com\/blog\/wp-json\/wp\/v2\/pages\/2108\/revisions"}],"predecessor-version":[{"id":2118,"href":"https:\/\/ceciliasolari.com\/blog\/wp-json\/wp\/v2\/pages\/2108\/revisions\/2118"}],"wp:attachment":[{"href":"https:\/\/ceciliasolari.com\/blog\/wp-json\/wp\/v2\/media?parent=2108"}],"curies":[{"name":"wp","href":"https:\/\/api.w.org\/{rel}","templated":true}]}}